{"id":85,"date":"2020-06-09T09:47:42","date_gmt":"2020-06-09T08:47:42","guid":{"rendered":"http:\/\/vielharmonie-seeshaupt.de\/?page_id=85"},"modified":"2020-06-09T11:53:32","modified_gmt":"2020-06-09T10:53:32","slug":"datenschutzerklaerung","status":"publish","type":"page","link":"https:\/\/vielharmonie-seeshaupt.de\/?page_id=85","title":{"rendered":"Datenschutzerkl\u00e4rung"},"content":{"rendered":"<p>Die Betreiber dieser Seiten nehmen den Schutz Ihrer pers\u00f6nlichen Daten sehr ernst. Wir behandeln Ihre personenbezogenen Daten vertraulich und entsprechend der gesetzlichen Datenschutzvorschriften sowie dieser Datenschutzerkl\u00e4rung. Die Nutzung unserer Webseite ist in der Regel ohne Angabe personenbezogener Daten m\u00f6glich. Uns bekannte Daten werden ohne Ihre ausdr\u00fcckliche Zustimmung nicht an Dritte weitergegeben. Wir weisen darauf hin, dass die Daten\u00fcbertragung im Internet (z.B. bei der Kommunikation per E-Mail) Sicherheitsl\u00fccken aufweisen kann. Ein l\u00fcckenloser Schutz der Daten vor dem Zugriff durch Dritte ist nicht m\u00f6glich.<\/p>\n<p>1. Grunds\u00e4tzliches zum Besuch unserer Internetseite<br \/>\nSie k\u00f6nnen unsere Website besuchen, ohne Angaben zu Ihrer Person zu machen. Bei jedem Zugriff auf unsere Website werden Nutzungsdaten durch den jeweiligen Internetbrowser \u00fcbermittelt und in Protokolldateien, den sogenannten Server-Logfiles, wie z.B. Datum und Uhrzeit des Abrufs, Name der aufgerufenen Seite, \u00fcbertragene Datenmenge und den anfragenden Provider, gespeichert. Diese Daten k\u00f6nnen nicht einer bestimmten Person zugeordnet werden und dienen ausschlie\u00dflich der Sicherstellung eines st\u00f6rungsfreien Betriebs unserer Website und der Verbesserung unseres Angebots.<\/p>\n<p>2. Erhebung und Verarbeitung personenbezogener Daten<br \/>\nPersonenbezogene Daten werden nur erhoben, wenn Sie uns diese von sich aus mitteilen.<\/p>\n<p>Von Ihnen bekanntgegebene Daten wie Name, Adresse, E-Mail und Telefon speichern und verwenden wir zum Zwecke der individuellen Kommunikation mit Ihnen. Diese Daten werden ausschlie\u00dflich f\u00fcr die Beantwortung Ihres Anliegens bzw. f\u00fcr die Kontaktaufnahme und die damit verbundene technische Administration gespeichert und verwendet. Ihre Daten werden nach abschlie\u00dfender Bearbeitung Ihrer Anfrage gel\u00f6scht, sofern Sie dies w\u00fcnschen und der L\u00f6schung keine gesetzlichen Aufbewahrungspflichten entgegenstehen. Hierf\u00fcr verwenden Sie bitte folgende E-Mail-Adresse: <a href=\"mailto:info@vielharmonie-seeshaupt.de\" target=\"_blank\" rel=\"noopener noreferrer\">info@vielharmonie-seeshaupt.de<\/a><\/p>\n<p>3. L\u00f6schung Ihrer Daten<br \/>\nSie haben jederzeit ein Recht auf kostenlose Auskunft \u00fcber die Sie betreffenden personenbezogenen Daten (Art. 15 DSGVO), sowie die Berichtigung, Sperrung und L\u00f6schung (Art. 16 u. 17 DSGVO) Ihrer bei uns gespeicherten Daten. Bitte wenden Sie sich in diesem Fall pers\u00f6nlich an uns z.B. per Telefon, Post oder E-Mail (siehe unten).<\/p>\n<p>4. Ausk\u00fcnfte und Beschwerden<br \/>\nBei Fragen, Kommentaren, Beschwerden sowie Auskunftsersuchen im Zusammenhang mit unserer Erkl\u00e4rung zum Datenschutz und der Verarbeitung Ihrer pers\u00f6nlichen Daten k\u00f6nnen Sie sich schriftlich an uns wenden.<br \/>\nJeder B\u00fcrger der den Verdacht hat, dass mit seinen Daten Datenschutzrechte verletzt werden, kann sich jederzeit kostenfrei und anonym an die zust\u00e4ndige Aufsichtsbeh\u00f6rde wenden.<br \/>\nWelche Aufsichtsbeh\u00f6rden der einzelnen Bundesl\u00e4nder f\u00fcr die betroffene nicht-\u00f6ffentliche Stelle zust\u00e4ndig ist, richtet sich nach dem Sitz der nicht-\u00f6ffentlichen Stelle. Zu den nicht-\u00f6ffentlichen Stellen geh\u00f6ren z.B. Versandh\u00e4user, Adressh\u00e4ndler, Internet-Provider, Vereine, \u00c4rzte und sonstige private Unternehmen.<br \/>\nBayern:<br \/>\nAufsichtsbeh\u00f6rde<br \/>\nLandesamt f\u00fcr Datenschutzaufsicht<br \/>\nAnschrift: Postfach 606, 91511 Ansbach<br \/>\nPromenade 27 (Schloss), 91522 Ansbach<br \/>\nTelefon: 0981 53 &#8211; 1300<br \/>\nTelefax: 0981 53 &#8211; 5300<br \/>\nE-Mail: <a href=\"mailto:poststelle@lda.bayern.de\" target=\"_blank\" rel=\"noopener noreferrer\">poststelle@lda.bayern.de<\/a><\/p>\n<p>Internet: <a href=\"http:\/\/www.lda.bayern.de\" target=\"_blank\" rel=\"noopener noreferrer\">http:\/\/www.lda.bayern.de<\/a><\/p>\n<p>5. Wer hat Zugriff auf Ihre Daten<br \/>\nDie erhobenen Daten sind ausschlie\u00dflich dem Verein zug\u00e4nglich, wobei der Zugriff nur einem berechtigten Mitarbeiterkreis m\u00f6glich ist und diesem auch nur auf diejenigen Daten, die zur Erf\u00fcllung der jeweiligen Aufgabe notwendig sind. Es finden keine Verkn\u00fcpfungen mit Datenbest\u00e4nden Dritter statt, um ein so genanntes Profiling durchzuf\u00fchren. Ihre pers\u00f6nlichen Daten werden an kein externes Unternehmen verkauft oder in irgendeiner Form weitergegeben.<\/p>\n<p>6. Wann d\u00fcrfen Ihre Daten weitergegeben werden<br \/>\nAuf Anordnung einer zust\u00e4ndigen Stelle m\u00fcssen wir im Einzelfall Auskunft \u00fcber diese Daten erteilen, soweit dies f\u00fcr Zwecke der Strafverfolgung, zur Gefahrenabwehr, zur Erf\u00fcllung der gesetzlichen Aufgaben der Beh\u00f6rden oder zur Durchsetzung der Rechte am geistigen Eigentum erforderlich ist.<\/p>\n<p>7. Cookies<br \/>\nUm den Besuch unserer Website attraktiv zu gestalten und die Nutzung bestimmter Funktionen (z. B. Login, Sprache, Schriftgr\u00f6\u00dfe und andere Anzeigepr\u00e4ferenzen) zu erm\u00f6glichen, verwenden wir auf verschiedenen Seiten sogenannte Cookies. Hierbei handelt es sich um kleine Textdateien, die auf Ihrem Endger\u00e4t abgelegt werden. Einige der von uns verwendeten Cookies werden nach dem Ende der Browser-Sitzung, also nach Schlie\u00dfen Ihres Browsers, wieder gel\u00f6scht (sog. Sitzungs-Cookies). Andere Cookies verbleiben auf Ihrem Endger\u00e4t und erm\u00f6glichen uns, Ihren Browser beim n\u00e4chsten Besuch wiederzuerkennen (persistente Cookies). Sie k\u00f6nnen Ihren Browser so einstellen, dass Sie \u00fcber das Setzen von Cookies informiert werden und einzeln \u00fcber deren Annahme entscheiden oder die Annahme von Cookies f\u00fcr bestimmte F\u00e4lle oder generell ausschlie\u00dfen. Bei der Nichtannahme von Cookies kann die Funktionalit\u00e4t unserer Website eingeschr\u00e4nkt sein.<\/p>\n<p>Sie k\u00f6nnen Cookies nach Belieben steuern und\/oder l\u00f6schen. Wie, erfahren Sie hier: <a href=\"http:\/\/aboutcookies.org\" target=\"_blank\" rel=\"noopener noreferrer\">aboutcookies.org<\/a>.\u00a0 Sie k\u00f6nnen alle auf Ihrem Rechner abgelegten Cookies l\u00f6schen und die meisten Browser so einstellen, dass die Ablage von Cookies verhindert wird. Dann m\u00fcssen Sie aber m\u00f6glicherweise einige Einstellungen bei jedem Besuch einer Seite manuell vornehmen und die Beeintr\u00e4chtigung mancher Funktionen in Kauf nehmen.<\/p>\n<p>8. \u00c4nderung unserer Datenschutzbestimmungen<\/p>\n<p>Wir behalten uns vor, diese Datenschutzerkl\u00e4rung anzupassen, damit sie stets den aktuellen rechtlichen Anforderungen entspricht oder um \u00c4nderungen unserer Leistungen in der Datenschutzerkl\u00e4rung umzusetzen, z.B. bei der Einf\u00fchrung neuer Services. F\u00fcr Ihren erneuten Besuch gilt dann die neue Datenschutzerkl\u00e4rung.<\/p>\n<p>Ansprechpartner: VielHarmonie Seeshaupt (nicht eingetragener Verein)<\/p>\n<p>Leitung: Anita He\u00df<br \/>\nTratbergstra\u00dfe 11<br \/>\n82402 Seeshaupt<br \/>\nTel.: 08801\/1512<br \/>\ne-Mail: <a href=\"mailto:info@vielharmonie-seeshaupt.de\" target=\"_blank\" rel=\"noopener noreferrer\">info@vielharmonie-seeshaupt.de<\/a><\/p>\n","protected":false},"excerpt":{"rendered":"<p>Die Betreiber dieser Seiten nehmen den Schutz Ihrer pers\u00f6nlichen Daten sehr ernst. Wir behandeln Ihre personenbezogenen Daten vertraulich und entsprechend der gesetzlichen Datenschutzvorschriften sowie dieser Datenschutzerkl\u00e4rung. Die Nutzung unserer Webseite ist in der Regel ohne Angabe personenbezogener Daten m\u00f6glich. Uns bekannte Daten werden ohne Ihre ausdr\u00fcckliche Zustimmung nicht an Dritte weitergegeben. Wir weisen darauf hin,&hellip; <br \/> <a class=\"read-more\" href=\"https:\/\/vielharmonie-seeshaupt.de\/?page_id=85\">Weiterlesen<\/a><\/p>\n","protected":false},"author":1,"featured_media":0,"parent":0,"menu_order":4,"comment_status":"closed","ping_status":"closed","template":"","meta":{"footnotes":""},"class_list":["post-85","page","type-page","status-publish","hentry"],"_links":{"self":[{"href":"https:\/\/vielharmonie-seeshaupt.de\/index.php?rest_route=\/wp\/v2\/pages\/85","targetHints":{"allow":["GET"]}}],"collection":[{"href":"https:\/\/vielharmonie-seeshaupt.de\/index.php?rest_route=\/wp\/v2\/pages"}],"about":[{"href":"https:\/\/vielharmonie-seeshaupt.de\/index.php?rest_route=\/wp\/v2\/types\/page"}],"author":[{"embeddable":true,"href":"https:\/\/vielharmonie-seeshaupt.de\/index.php?rest_route=\/wp\/v2\/users\/1"}],"replies":[{"embeddable":true,"href":"https:\/\/vielharmonie-seeshaupt.de\/index.php?rest_route=%2Fwp%2Fv2%2Fcomments&post=85"}],"version-history":[{"count":4,"href":"https:\/\/vielharmonie-seeshaupt.de\/index.php?rest_route=\/wp\/v2\/pages\/85\/revisions"}],"predecessor-version":[{"id":161,"href":"https:\/\/vielharmonie-seeshaupt.de\/index.php?rest_route=\/wp\/v2\/pages\/85\/revisions\/161"}],"wp:attachment":[{"href":"https:\/\/vielharmonie-seeshaupt.de\/index.php?rest_route=%2Fwp%2Fv2%2Fmedia&parent=85"}],"curies":[{"name":"wp","href":"https:\/\/api.w.org\/{rel}","templated":true}]}}