{"id":18,"date":"2017-01-09T15:05:42","date_gmt":"2017-01-09T15:05:42","guid":{"rendered":"http:\/\/vielharmonie-seeshaupt.de\/?page_id=18"},"modified":"2024-02-03T11:41:05","modified_gmt":"2024-02-03T10:41:05","slug":"wir-ueber-uns","status":"publish","type":"page","link":"https:\/\/vielharmonie-seeshaupt.de\/?page_id=18","title":{"rendered":"Wir \u00fcber uns"},"content":{"rendered":"<p>Sie m\u00f6chten mehr \u00fcber uns wissen? Vielleicht haben Sie sogar Interesse, bei unseren regelm\u00e4\u00dfigen Proben mitzumachen? Auf diesen Seiten erz\u00e4hlen wir Ihnen so einiges \u00fcber unsere Mitglieder, unsere Geschichte und unsere Proben.<\/p>\n<p>Im Fr\u00fchjahr 2001 wurde die VielHarmonie gegr\u00fcndet, als \u201eJunger Chor\u201c von ca. 40 singfreudigen Erwachsenen &#8211; angeregt und gef\u00f6rdert von Anita He\u00df &#8211; damals mit der Chorleiterin Stefanie Tomulla.<\/p>\n<p>Als diese nach 4 Jahren aus famili\u00e4ren Gr\u00fcnden die Leitung abgeben musste, hatten wir Gl\u00fcck im Ungl\u00fcck:<br \/>\nDie \u201eChurch Worms\u201c aus Bernried hatten eine Chorleiterin und fast keine S\u00e4nger mehr, wir hatten viele S\u00e4nger aber keine Chorleitung. Wir taten uns zusammen.<img loading=\"lazy\" decoding=\"async\" class=\"alignnone wp-image-8 alignright\" src=\"https:\/\/vielharmonie-seeshaupt.de\/wp-content\/uploads\/2017\/01\/Logo-2-223x300.jpg\" alt=\"\" width=\"351\" height=\"472\" srcset=\"https:\/\/vielharmonie-seeshaupt.de\/wp-content\/uploads\/2017\/01\/Logo-2-223x300.jpg 223w, https:\/\/vielharmonie-seeshaupt.de\/wp-content\/uploads\/2017\/01\/Logo-2.jpg 490w\" sizes=\"auto, (max-width: 351px) 100vw, 351px\" \/><\/p>\n<p>Bereits nach einem halben Jahr \u00fcbernahm dann Anita He\u00df den Chor. Sie leitete schon den Zwergerl-Chor, den Kinder-Chor und den Jugend-Chor in Seeshaupt. Kurzerhand wurde Letzterer in die VielHarmonie eingebunden und so kamen frische Stimmen dazu.<\/p>\n<p>Regelm\u00e4\u00dfig r\u00fccken Jugendliche aus dem Kinderchor in die VielHarmonie nach, Ergebnis einer gelungenen, engagierten Kinder- und Jugendarbeit unserer Chorleiterin Anita He\u00df.<\/p>\n<p>Die VielHarmonie hat sich inzwischen zu einem Chor mit \u00fcber 60 Mitgliedern \u201egemausert\u201c. Ein Viertel davon ist seit dem ersten Tag dabei, die meisten schon seit Jahren.<\/p>\n<p>Gesucht und gefunden hat sich eine bunte Mischung hinsichtlich Lebenserfahrung, T\u00e4tigkeiten und Interessen &#8211; uns allen gemein ist jedoch: <strong><u>die Freude am Singen<\/u><\/strong>.<\/p>\n<p>&nbsp;<\/p>\n<p><strong>Unsere Musik<\/strong><\/p>\n<p>Das Wichtigste am Chor ist nat\u00fcrlich &#8211; das Liedgut! Die Auswahl an Liedgut ist riesengro\u00df. Hier finden Sie Informationen zu der Musikauswahl unseres Chors.<\/p>\n<p>So vielf\u00e4ltig, wie wir selbst, ist auch unser Programm, bestehend aus:<\/p>\n<ul>\n<li><strong>Neugeistlichen Liedern<\/strong><\/li>\n<li><strong>Gospels <\/strong><\/li>\n<li><strong>Afrikanischen Liedern<\/strong><\/li>\n<li><strong>Songs aus Musicals, Pop &amp; Klassik<\/strong><\/li>\n<li><strong>Weihnachtsliedern u.v.m. <\/strong><\/li>\n<\/ul>\n<p>Und spielen Chormitglieder ein Instrument, wie Querfl\u00f6te, Harfe, Schlagzeug, Gitarre, E-Bass, Saxophon \u2026, wird auch dieses Talent integriert. So hinterlassen wir als Chor in voller Besetzung, unterst\u00fctzt von den eigenen Instrumentalisten, bleibenden Eindruck.<\/p>\n","protected":false},"excerpt":{"rendered":"<p>Sie m\u00f6chten mehr \u00fcber uns wissen? Vielleicht haben Sie sogar Interesse, bei unseren regelm\u00e4\u00dfigen Proben mitzumachen? Auf diesen Seiten erz\u00e4hlen wir Ihnen so einiges \u00fcber unsere Mitglieder, unsere Geschichte und unsere Proben. Im Fr\u00fchjahr 2001 wurde die VielHarmonie gegr\u00fcndet, als \u201eJunger Chor\u201c von ca. 40 singfreudigen Erwachsenen &#8211; angeregt und gef\u00f6rdert von Anita He\u00df &#8211;&hellip; <br \/> <a class=\"read-more\" href=\"https:\/\/vielharmonie-seeshaupt.de\/?page_id=18\">Weiterlesen<\/a><\/p>\n","protected":false},"author":1,"featured_media":0,"parent":0,"menu_order":1,"comment_status":"closed","ping_status":"closed","template":"","meta":{"footnotes":""},"class_list":["post-18","page","type-page","status-publish","hentry"],"_links":{"self":[{"href":"https:\/\/vielharmonie-seeshaupt.de\/index.php?rest_route=\/wp\/v2\/pages\/18","targetHints":{"allow":["GET"]}}],"collection":[{"href":"https:\/\/vielharmonie-seeshaupt.de\/index.php?rest_route=\/wp\/v2\/pages"}],"about":[{"href":"https:\/\/vielharmonie-seeshaupt.de\/index.php?rest_route=\/wp\/v2\/types\/page"}],"author":[{"embeddable":true,"href":"https:\/\/vielharmonie-seeshaupt.de\/index.php?rest_route=\/wp\/v2\/users\/1"}],"replies":[{"embeddable":true,"href":"https:\/\/vielharmonie-seeshaupt.de\/index.php?rest_route=%2Fwp%2Fv2%2Fcomments&post=18"}],"version-history":[{"count":7,"href":"https:\/\/vielharmonie-seeshaupt.de\/index.php?rest_route=\/wp\/v2\/pages\/18\/revisions"}],"predecessor-version":[{"id":181,"href":"https:\/\/vielharmonie-seeshaupt.de\/index.php?rest_route=\/wp\/v2\/pages\/18\/revisions\/181"}],"wp:attachment":[{"href":"https:\/\/vielharmonie-seeshaupt.de\/index.php?rest_route=%2Fwp%2Fv2%2Fmedia&parent=18"}],"curies":[{"name":"wp","href":"https:\/\/api.w.org\/{rel}","templated":true}]}}